{"id":183,"date":"2023-12-20T14:10:59","date_gmt":"2023-12-20T14:10:59","guid":{"rendered":"https:\/\/staging.zap741094-1.plesk12.zap-webspace.com\/?page_id=183"},"modified":"2023-12-20T14:22:30","modified_gmt":"2023-12-20T14:22:30","slug":"reservar-plaza","status":"publish","type":"page","link":"https:\/\/staging.zap741094-1.plesk12.zap-webspace.com\/index.php\/reservar-plaza\/","title":{"rendered":"Reservar Tu plaza"},"content":{"rendered":"<style id=\"wpforms-css-vars-177\">\n\t\t\t\t#wpforms-177 {\n\t\t\t\t\n\t\t\t}\n\t\t\t<\/style><div class=\"wpforms-container wpforms-container-full wpforms-render-modern\" id=\"wpforms-177\"><form id=\"wpforms-form-177\" class=\"wpforms-validate wpforms-form wpforms-ajax-form\" data-formid=\"177\" method=\"post\" enctype=\"multipart\/form-data\" action=\"\/index.php\/wp-json\/wp\/v2\/pages\/183\" data-token=\"d544ea59545f00354a9d76d11cdc4146\" data-token-time=\"1776227237\"><div class=\"wpforms-head-container\"><div class=\"wpforms-title\">Reservar plaza para evento<\/div><\/div><noscript class=\"wpforms-error-noscript\">Por favor, activa JavaScript en tu navegador para completar este formulario.<\/noscript><div id=\"wpforms-error-noscript\" style=\"display: none;\">Por favor, activa JavaScript en tu navegador para completar este formulario.<\/div><div class=\"wpforms-field-container\"><div id=\"wpforms-177-field_2-container\" class=\"wpforms-field wpforms-field-name\" data-field-id=\"2\"><fieldset><legend class=\"wpforms-field-label\">Nombre <span class=\"wpforms-required-label\" aria-hidden=\"true\">*<\/span><\/legend><div class=\"wpforms-field-row wpforms-field-medium\"><div class=\"wpforms-field-row-block wpforms-first wpforms-one-half\"><input type=\"text\" id=\"wpforms-177-field_2\" class=\"wpforms-field-name-first wpforms-field-required\" name=\"wpforms[fields][2][first]\" aria-errormessage=\"wpforms-177-field_2-error\" required><label for=\"wpforms-177-field_2\" class=\"wpforms-field-sublabel after\">Nombre<\/label><\/div><div class=\"wpforms-field-row-block wpforms-one-half\"><input type=\"text\" id=\"wpforms-177-field_2-last\" class=\"wpforms-field-name-last wpforms-field-required\" name=\"wpforms[fields][2][last]\" aria-errormessage=\"wpforms-177-field_2-last-error\" required><label for=\"wpforms-177-field_2-last\" class=\"wpforms-field-sublabel after\">Apellidos<\/label><\/div><\/div><\/fieldset><\/div><div id=\"wpforms-177-field_8-container\" class=\"wpforms-field wpforms-field-email\" data-field-id=\"8\"><label class=\"wpforms-field-label\" for=\"wpforms-177-field_8\">Correo electr\u00f3nico <span class=\"wpforms-required-label\" aria-hidden=\"true\">*<\/span><\/label><input type=\"email\" id=\"wpforms-177-field_8\" class=\"wpforms-field-medium wpforms-field-required\" name=\"wpforms[fields][8]\" spellcheck=\"false\" aria-errormessage=\"wpforms-177-field_8-error\" required><\/div><div id=\"wpforms-177-field_6-container\" class=\"wpforms-field wpforms-field-text\" data-field-id=\"6\"><label class=\"wpforms-field-label\" for=\"wpforms-177-field_6\">Steam ID <span class=\"wpforms-required-label\" aria-hidden=\"true\">*<\/span><\/label><input type=\"text\" id=\"wpforms-177-field_6\" class=\"wpforms-field-small wpforms-field-required\" name=\"wpforms[fields][6]\" placeholder=\"https:\/\/steamcommunity.com\/id\/\" aria-errormessage=\"wpforms-177-field_6-error\" aria-describedby=\"wpforms-177-field_6-description\" required><div id=\"wpforms-177-field_6-description\" class=\"wpforms-field-description\">https:\/\/steamcommunity.com\/id\/xxxxxxxxxxxxx<\/div><\/div><div id=\"wpforms-177-field_7-container\" class=\"wpforms-field wpforms-field-text\" data-field-id=\"7\"><label class=\"wpforms-field-label\" for=\"wpforms-177-field_7\">Discord ID <span class=\"wpforms-required-label\" aria-hidden=\"true\">*<\/span><\/label><input type=\"text\" id=\"wpforms-177-field_7\" class=\"wpforms-field-small wpforms-field-required\" name=\"wpforms[fields][7]\" aria-errormessage=\"wpforms-177-field_7-error\" required><\/div><div id=\"wpforms-177-field_16-container\" class=\"wpforms-field wpforms-field-number-slider\" data-field-id=\"16\"><label class=\"wpforms-field-label\" for=\"wpforms-177-field_16\">Miembros del equipo<\/label>\n<input\n\ttype=\"range\"\n\tid=\"wpforms-177-field_16\" class=\"wpforms-field-medium\" name=\"wpforms[fields][16]\" value=\"0\" aria-errormessage=\"wpforms-177-field_16-error\" aria-describedby=\"wpforms-177-field_16-description\"\t\tmin=\"0\"\n\tmax=\"20\"\n\tstep=\"1\">\n\n<div class=\"wpforms-field-number-slider-hint\"\n\tdata-hint=\"Valor seleccionado: {value}\">\n\tValor seleccionado: <b>0<\/b><\/div>\n<div id=\"wpforms-177-field_16-description\" class=\"wpforms-field-description\">Jugadores totales de tu equipo <\/div><\/div><div id=\"wpforms-177-field_24-container\" class=\"wpforms-field wpforms-field-text\" data-field-id=\"24\"><label class=\"wpforms-field-label\" for=\"wpforms-177-field_24\">Nombre del Team<\/label><input type=\"text\" id=\"wpforms-177-field_24\" class=\"wpforms-field-small wpforms-limit-characters-enabled\" data-form-id=\"177\" data-field-id=\"24\" data-text-limit=\"16\" name=\"wpforms[fields][24]\" aria-errormessage=\"wpforms-177-field_24-error\" aria-describedby=\"wpforms-177-field_24-description\" maxlength=\"16\" ><div id=\"wpforms-177-field_24-description\" class=\"wpforms-field-description\">Nombre completo de tu Equipo<\/div><\/div><div id=\"wpforms-177-field_15-container\" class=\"wpforms-field wpforms-field-text\" data-field-id=\"15\"><label class=\"wpforms-field-label\" for=\"wpforms-177-field_15\">Tag del Team<\/label><input type=\"text\" id=\"wpforms-177-field_15\" class=\"wpforms-field-small wpforms-limit-characters-enabled\" data-form-id=\"177\" data-field-id=\"15\" data-text-limit=\"5\" name=\"wpforms[fields][15]\" aria-errormessage=\"wpforms-177-field_15-error\" aria-describedby=\"wpforms-177-field_15-description\" maxlength=\"5\" ><div id=\"wpforms-177-field_15-description\" class=\"wpforms-field-description\">Abreviatura del nombre del Equipo<\/div><\/div><div id=\"wpforms-177-field_12-container\" class=\"wpforms-field wpforms-field-textarea\" data-field-id=\"12\"><label class=\"wpforms-field-label\" for=\"wpforms-177-field_12\">Mas Informaci\u00f3n... <span class=\"wpforms-required-label\" aria-hidden=\"true\">*<\/span><\/label><textarea id=\"wpforms-177-field_12\" class=\"wpforms-field-medium wpforms-field-required\" name=\"wpforms[fields][12]\" aria-errormessage=\"wpforms-177-field_12-error\" aria-describedby=\"wpforms-177-field_12-description\" required><\/textarea><div id=\"wpforms-177-field_12-description\" class=\"wpforms-field-description\">No te olvides de a\u00f1adir en la descripci\u00f3n todos los nombres e ID de tus compa\u00f1eros de equipo<\/div><\/div><\/div><!-- .wpforms-field-container --><div class=\"wpforms-submit-container\" ><input type=\"hidden\" name=\"wpforms[id]\" value=\"177\"><input type=\"hidden\" name=\"page_title\" value=\"\"><input type=\"hidden\" name=\"page_url\" value=\"https:\/\/staging.zap741094-1.plesk12.zap-webspace.com\/index.php\/wp-json\/wp\/v2\/pages\/183\"><input type=\"hidden\" name=\"url_referer\" value=\"\"><button type=\"submit\" name=\"wpforms[submit]\" id=\"wpforms-submit-177\" class=\"wpforms-submit\" data-alt-text=\"Enviando...\" data-submit-text=\"Enviar\" aria-live=\"assertive\" value=\"wpforms-submit\">Enviar<\/button><img loading=\"lazy\" decoding=\"async\" src=\"https:\/\/staging.zap741094-1.plesk12.zap-webspace.com\/wp-content\/plugins\/wpforms-lite\/assets\/images\/submit-spin.svg\" class=\"wpforms-submit-spinner\" style=\"display: none;\" width=\"26\" height=\"26\" alt=\"Cargando\"><\/div><\/form><\/div>  <!-- .wpforms-container -->\n","protected":false},"excerpt":{"rendered":"","protected":false},"author":1,"featured_media":0,"parent":0,"menu_order":0,"comment_status":"closed","ping_status":"closed","template":"","meta":{"_eb_attr":"","footnotes":""},"class_list":["post-183","page","type-page","status-publish","hentry"],"_links":{"self":[{"href":"https:\/\/staging.zap741094-1.plesk12.zap-webspace.com\/index.php\/wp-json\/wp\/v2\/pages\/183","targetHints":{"allow":["GET"]}}],"collection":[{"href":"https:\/\/staging.zap741094-1.plesk12.zap-webspace.com\/index.php\/wp-json\/wp\/v2\/pages"}],"about":[{"href":"https:\/\/staging.zap741094-1.plesk12.zap-webspace.com\/index.php\/wp-json\/wp\/v2\/types\/page"}],"author":[{"embeddable":true,"href":"https:\/\/staging.zap741094-1.plesk12.zap-webspace.com\/index.php\/wp-json\/wp\/v2\/users\/1"}],"replies":[{"embeddable":true,"href":"https:\/\/staging.zap741094-1.plesk12.zap-webspace.com\/index.php\/wp-json\/wp\/v2\/comments?post=183"}],"version-history":[{"count":3,"href":"https:\/\/staging.zap741094-1.plesk12.zap-webspace.com\/index.php\/wp-json\/wp\/v2\/pages\/183\/revisions"}],"predecessor-version":[{"id":190,"href":"https:\/\/staging.zap741094-1.plesk12.zap-webspace.com\/index.php\/wp-json\/wp\/v2\/pages\/183\/revisions\/190"}],"wp:attachment":[{"href":"https:\/\/staging.zap741094-1.plesk12.zap-webspace.com\/index.php\/wp-json\/wp\/v2\/media?parent=183"}],"curies":[{"name":"wp","href":"https:\/\/api.w.org\/{rel}","templated":true}]}}